{"id":36976,"date":"2023-02-14T22:59:21","date_gmt":"2023-02-14T19:59:21","guid":{"rendered":"https:\/\/www.dmmimarlik.com\/?page_id=36976"},"modified":"2023-02-14T23:03:06","modified_gmt":"2023-02-14T20:03:06","slug":"blog","status":"publish","type":"page","link":"https:\/\/www.dmmimarlik.com\/en\/blog\/","title":{"rendered":"Blog"},"content":{"rendered":"\t\t<div data-elementor-type=\"wp-page\" data-elementor-id=\"36976\" class=\"elementor elementor-36976\">\n\t\t\t\t\t\t<section class=\"elementor-section elementor-top-section elementor-element elementor-element-18dd2ba elementor-section-boxed elementor-section-height-default elementor-section-height-default\" data-id=\"18dd2ba\" data-element_type=\"section\" data-e-type=\"section\">\n\t\t\t\t\t\t<div class=\"elementor-container elementor-column-gap-default\">\n\t\t\t\t\t<div class=\"elementor-column elementor-col-100 elementor-top-column elementor-element elementor-element-d85430b\" data-id=\"d85430b\" data-element_type=\"column\" data-e-type=\"column\">\n\t\t\t<div class=\"elementor-widget-wrap elementor-element-populated\">\n\t\t\t\t\t\t<div class=\"elementor-element elementor-element-63a60fc elementor-widget elementor-widget-pix-blog\" data-id=\"63a60fc\" data-element_type=\"widget\" data-e-type=\"widget\" data-widget_type=\"pix-blog.default\">\n\t\t\t\t<div class=\"elementor-widget-container\">\n\t\t\t\t\t<div class=\"row  \"><\/div>\n\t\t\t\t<\/div>\n\t\t\t\t<\/div>\n\t\t\t\t\t<\/div>\n\t\t<\/div>\n\t\t\t\t\t<\/div>\n\t\t<\/section>\n\t\t\t\t<\/div>\n\t\t","protected":false},"excerpt":{"rendered":"<p>Dekorasyon\u0130\u00e7 Mimarl\u0131kMimarl\u0131k \u0130\u00e7 Mimaride Dikkat Edilmesi Gerekenler 14\/02\/2023 Dekorasyon\u0130\u00e7 Mimarl\u0131kMimarl\u0131k Mimarl\u0131kta Dijitalle\u015fme 14\/02\/2023<\/p>\n","protected":false},"author":4,"featured_media":0,"parent":0,"menu_order":0,"comment_status":"closed","ping_status":"closed","template":"","meta":{"footnotes":""},"class_list":["post-36976","page","type-page","status-publish","hentry"],"yoast_head":"<!-- This site is optimized with the Yoast SEO plugin v27.0 - https:\/\/yoast.com\/product\/yoast-seo-wordpress\/ -->\n<title>Blog &#8211; Do\u011fan Mete Mimarl\u0131k<\/title>\n<meta name=\"robots\" content=\"index, follow, max-snippet:-1, max-image-preview:large, max-video-preview:-1\" \/>\n<link rel=\"canonical\" href=\"https:\/\/www.dmmimarlik.com\/en\/blog\/\" \/>\n<meta property=\"og:locale\" content=\"en_US\" \/>\n<meta property=\"og:type\" content=\"article\" \/>\n<meta property=\"og:title\" content=\"Blog &#8211; Do\u011fan Mete Mimarl\u0131k\" \/>\n<meta property=\"og:description\" content=\"Dekorasyon\u0130\u00e7 Mimarl\u0131kMimarl\u0131k \u0130\u00e7 Mimaride Dikkat Edilmesi Gerekenler 14\/02\/2023 Dekorasyon\u0130\u00e7 Mimarl\u0131kMimarl\u0131k Mimarl\u0131kta Dijitalle\u015fme 14\/02\/2023\" \/>\n<meta property=\"og:url\" content=\"https:\/\/www.dmmimarlik.com\/blog\/\" \/>\n<meta property=\"og:site_name\" content=\"Do\u011fan Mete Mimarl\u0131k\" \/>\n<meta property=\"article:publisher\" content=\"https:\/\/www.facebook.com\/doganmetemimarlik\" \/>\n<meta property=\"article:modified_time\" content=\"2023-02-14T20:03:06+00:00\" \/>\n<meta property=\"og:image\" content=\"https:\/\/www.dmmimarlik.com\/wp-content\/uploads\/2023\/02\/Dogan-Mete-Mimarlik-Ic-Mimaride-Dikkat-Edilmesi-Gerekenler-622x400.jpg\" \/>\n<meta name=\"twitter:card\" content=\"summary_large_image\" \/>\n<meta name=\"twitter:label1\" content=\"Est. reading time\" \/>\n\t<meta name=\"twitter:data1\" content=\"1 minute\" \/>\n<script type=\"application\/ld+json\" class=\"yoast-schema-graph\">{\"@context\":\"https:\/\/schema.org\",\"@graph\":[{\"@type\":\"WebPage\",\"@id\":\"https:\/\/www.dmmimarlik.com\/blog\/\",\"url\":\"https:\/\/www.dmmimarlik.com\/blog\/\",\"name\":\"Blog &#8211; Do\u011fan Mete Mimarl\u0131k\",\"isPartOf\":{\"@id\":\"https:\/\/www.dmmimarlik.com\/#website\"},\"primaryImageOfPage\":{\"@id\":\"https:\/\/www.dmmimarlik.com\/blog\/#primaryimage\"},\"image\":{\"@id\":\"https:\/\/www.dmmimarlik.com\/blog\/#primaryimage\"},\"thumbnailUrl\":\"https:\/\/www.dmmimarlik.com\/wp-content\/uploads\/2023\/02\/Dogan-Mete-Mimarlik-Ic-Mimaride-Dikkat-Edilmesi-Gerekenler-622x400.jpg\",\"datePublished\":\"2023-02-14T19:59:21+00:00\",\"dateModified\":\"2023-02-14T20:03:06+00:00\",\"breadcrumb\":{\"@id\":\"https:\/\/www.dmmimarlik.com\/blog\/#breadcrumb\"},\"inLanguage\":\"en-US\",\"potentialAction\":[{\"@type\":\"ReadAction\",\"target\":[\"https:\/\/www.dmmimarlik.com\/blog\/\"]}]},{\"@type\":\"ImageObject\",\"inLanguage\":\"en-US\",\"@id\":\"https:\/\/www.dmmimarlik.com\/blog\/#primaryimage\",\"url\":\"https:\/\/www.dmmimarlik.com\/wp-content\/uploads\/2023\/02\/Dogan-Mete-Mimarlik-Ic-Mimaride-Dikkat-Edilmesi-Gerekenler-622x400.jpg\",\"contentUrl\":\"https:\/\/www.dmmimarlik.com\/wp-content\/uploads\/2023\/02\/Dogan-Mete-Mimarlik-Ic-Mimaride-Dikkat-Edilmesi-Gerekenler-622x400.jpg\"},{\"@type\":\"BreadcrumbList\",\"@id\":\"https:\/\/www.dmmimarlik.com\/blog\/#breadcrumb\",\"itemListElement\":[{\"@type\":\"ListItem\",\"position\":1,\"name\":\"Anasayfa\",\"item\":\"https:\/\/www.dmmimarlik.com\/\"},{\"@type\":\"ListItem\",\"position\":2,\"name\":\"Blog\"}]},{\"@type\":\"WebSite\",\"@id\":\"https:\/\/www.dmmimarlik.com\/#website\",\"url\":\"https:\/\/www.dmmimarlik.com\/\",\"name\":\"Do\u011fan Mete Mimarl\u0131k\",\"description\":\"Hayallerinizi Hayata Ge\u00e7irir\",\"publisher\":{\"@id\":\"https:\/\/www.dmmimarlik.com\/#organization\"},\"potentialAction\":[{\"@type\":\"SearchAction\",\"target\":{\"@type\":\"EntryPoint\",\"urlTemplate\":\"https:\/\/www.dmmimarlik.com\/?s={search_term_string}\"},\"query-input\":{\"@type\":\"PropertyValueSpecification\",\"valueRequired\":true,\"valueName\":\"search_term_string\"}}],\"inLanguage\":\"en-US\"},{\"@type\":\"Organization\",\"@id\":\"https:\/\/www.dmmimarlik.com\/#organization\",\"name\":\"Do\u011fan Mete Mimarl\u0131k\",\"url\":\"https:\/\/www.dmmimarlik.com\/\",\"logo\":{\"@type\":\"ImageObject\",\"inLanguage\":\"en-US\",\"@id\":\"https:\/\/www.dmmimarlik.com\/#\/schema\/logo\/image\/\",\"url\":\"https:\/\/www.dmmimarlik.com\/wp-content\/uploads\/2020\/12\/doganmete-logo-400px.png\",\"contentUrl\":\"https:\/\/www.dmmimarlik.com\/wp-content\/uploads\/2020\/12\/doganmete-logo-400px.png\",\"width\":400,\"height\":251,\"caption\":\"Do\u011fan Mete Mimarl\u0131k\"},\"image\":{\"@id\":\"https:\/\/www.dmmimarlik.com\/#\/schema\/logo\/image\/\"},\"sameAs\":[\"https:\/\/www.facebook.com\/doganmetemimarlik\",\"https:\/\/www.instagram.com\/doganmete_mimarlik\/\",\"https:\/\/www.linkedin.com\/company\/doganmetemimarlik\/\"]}]}<\/script>\n<!-- \/ Yoast SEO plugin. -->","yoast_head_json":{"title":"Blog &#8211; Do\u011fan Mete Mimarl\u0131k","robots":{"index":"index","follow":"follow","max-snippet":"max-snippet:-1","max-image-preview":"max-image-preview:large","max-video-preview":"max-video-preview:-1"},"canonical":"https:\/\/www.dmmimarlik.com\/en\/blog\/","og_locale":"en_US","og_type":"article","og_title":"Blog &#8211; Do\u011fan Mete Mimarl\u0131k","og_description":"Dekorasyon\u0130\u00e7 Mimarl\u0131kMimarl\u0131k \u0130\u00e7 Mimaride Dikkat Edilmesi Gerekenler 14\/02\/2023 Dekorasyon\u0130\u00e7 Mimarl\u0131kMimarl\u0131k Mimarl\u0131kta Dijitalle\u015fme 14\/02\/2023","og_url":"https:\/\/www.dmmimarlik.com\/blog\/","og_site_name":"Do\u011fan Mete Mimarl\u0131k","article_publisher":"https:\/\/www.facebook.com\/doganmetemimarlik","article_modified_time":"2023-02-14T20:03:06+00:00","og_image":[{"url":"https:\/\/www.dmmimarlik.com\/wp-content\/uploads\/2023\/02\/Dogan-Mete-Mimarlik-Ic-Mimaride-Dikkat-Edilmesi-Gerekenler-622x400.jpg","type":"","width":"","height":""}],"twitter_card":"summary_large_image","twitter_misc":{"Est. reading time":"1 minute"},"schema":{"@context":"https:\/\/schema.org","@graph":[{"@type":"WebPage","@id":"https:\/\/www.dmmimarlik.com\/blog\/","url":"https:\/\/www.dmmimarlik.com\/blog\/","name":"Blog &#8211; Do\u011fan Mete Mimarl\u0131k","isPartOf":{"@id":"https:\/\/www.dmmimarlik.com\/#website"},"primaryImageOfPage":{"@id":"https:\/\/www.dmmimarlik.com\/blog\/#primaryimage"},"image":{"@id":"https:\/\/www.dmmimarlik.com\/blog\/#primaryimage"},"thumbnailUrl":"https:\/\/www.dmmimarlik.com\/wp-content\/uploads\/2023\/02\/Dogan-Mete-Mimarlik-Ic-Mimaride-Dikkat-Edilmesi-Gerekenler-622x400.jpg","datePublished":"2023-02-14T19:59:21+00:00","dateModified":"2023-02-14T20:03:06+00:00","breadcrumb":{"@id":"https:\/\/www.dmmimarlik.com\/blog\/#breadcrumb"},"inLanguage":"en-US","potentialAction":[{"@type":"ReadAction","target":["https:\/\/www.dmmimarlik.com\/blog\/"]}]},{"@type":"ImageObject","inLanguage":"en-US","@id":"https:\/\/www.dmmimarlik.com\/blog\/#primaryimage","url":"https:\/\/www.dmmimarlik.com\/wp-content\/uploads\/2023\/02\/Dogan-Mete-Mimarlik-Ic-Mimaride-Dikkat-Edilmesi-Gerekenler-622x400.jpg","contentUrl":"https:\/\/www.dmmimarlik.com\/wp-content\/uploads\/2023\/02\/Dogan-Mete-Mimarlik-Ic-Mimaride-Dikkat-Edilmesi-Gerekenler-622x400.jpg"},{"@type":"BreadcrumbList","@id":"https:\/\/www.dmmimarlik.com\/blog\/#breadcrumb","itemListElement":[{"@type":"ListItem","position":1,"name":"Anasayfa","item":"https:\/\/www.dmmimarlik.com\/"},{"@type":"ListItem","position":2,"name":"Blog"}]},{"@type":"WebSite","@id":"https:\/\/www.dmmimarlik.com\/#website","url":"https:\/\/www.dmmimarlik.com\/","name":"Do\u011fan Mete Mimarl\u0131k","description":"Hayallerinizi Hayata Ge\u00e7irir","publisher":{"@id":"https:\/\/www.dmmimarlik.com\/#organization"},"potentialAction":[{"@type":"SearchAction","target":{"@type":"EntryPoint","urlTemplate":"https:\/\/www.dmmimarlik.com\/?s={search_term_string}"},"query-input":{"@type":"PropertyValueSpecification","valueRequired":true,"valueName":"search_term_string"}}],"inLanguage":"en-US"},{"@type":"Organization","@id":"https:\/\/www.dmmimarlik.com\/#organization","name":"Do\u011fan Mete Mimarl\u0131k","url":"https:\/\/www.dmmimarlik.com\/","logo":{"@type":"ImageObject","inLanguage":"en-US","@id":"https:\/\/www.dmmimarlik.com\/#\/schema\/logo\/image\/","url":"https:\/\/www.dmmimarlik.com\/wp-content\/uploads\/2020\/12\/doganmete-logo-400px.png","contentUrl":"https:\/\/www.dmmimarlik.com\/wp-content\/uploads\/2020\/12\/doganmete-logo-400px.png","width":400,"height":251,"caption":"Do\u011fan Mete Mimarl\u0131k"},"image":{"@id":"https:\/\/www.dmmimarlik.com\/#\/schema\/logo\/image\/"},"sameAs":["https:\/\/www.facebook.com\/doganmetemimarlik","https:\/\/www.instagram.com\/doganmete_mimarlik\/","https:\/\/www.linkedin.com\/company\/doganmetemimarlik\/"]}]}},"_links":{"self":[{"href":"https:\/\/www.dmmimarlik.com\/en\/wp-json\/wp\/v2\/pages\/36976\/"}],"collection":[{"href":"https:\/\/www.dmmimarlik.com\/en\/wp-json\/wp\/v2\/pages\/"}],"about":[{"href":"https:\/\/www.dmmimarlik.com\/en\/wp-json\/wp\/v2\/types\/page\/"}],"author":[{"embeddable":true,"href":"https:\/\/www.dmmimarlik.com\/en\/wp-json\/wp\/v2\/users\/4\/"}],"replies":[{"embeddable":true,"href":"https:\/\/www.dmmimarlik.com\/en\/wp-json\/wp\/v2\/comments\/?post=36976"}],"version-history":[{"count":4,"href":"https:\/\/www.dmmimarlik.com\/en\/wp-json\/wp\/v2\/pages\/36976\/revisions\/"}],"predecessor-version":[{"id":36987,"href":"https:\/\/www.dmmimarlik.com\/en\/wp-json\/wp\/v2\/pages\/36976\/revisions\/36987\/"}],"wp:attachment":[{"href":"https:\/\/www.dmmimarlik.com\/en\/wp-json\/wp\/v2\/media\/?parent=36976"}],"curies":[{"name":"wp","href":"https:\/\/api.w.org\/{rel}","templated":true}]}}